{"id":2,"date":"2024-07-09T15:59:10","date_gmt":"2024-07-09T15:59:10","guid":{"rendered":"https:\/\/bararias.rkinformatika.online\/?page_id=2"},"modified":"2024-10-15T16:25:26","modified_gmt":"2024-10-15T16:25:26","slug":"inicio","status":"publish","type":"page","link":"https:\/\/bowiedurango.com\/eu\/","title":{"rendered":"Hasiera"},"content":{"rendered":"<div data-elementor-type=\"wp-page\" data-elementor-id=\"2\" class=\"elementor elementor-2\" data-elementor-post-type=\"page\">\n\t\t\t\t\t\t<section class=\"elementor-section elementor-top-section elementor-element elementor-element-b7c46c5 elementor-section-boxed elementor-section-height-default elementor-section-height-default\" data-id=\"b7c46c5\" data-element_type=\"section\" data-e-type=\"section\" data-settings=\"{&quot;background_background&quot;:&quot;classic&quot;}\">\n\t\t\t\t\t\t\t<div class=\"elementor-background-overlay\"><\/div>\n\t\t\t\t\t\t\t<div class=\"elementor-container elementor-column-gap-default\">\n\t\t\t\t\t<div class=\"elementor-column elementor-col-100 elementor-top-column elementor-element elementor-element-2496a13\" data-id=\"2496a13\" data-element_type=\"column\" data-e-type=\"column\">\n\t\t\t<div class=\"elementor-widget-wrap elementor-element-populated\">\n\t\t\t\t\t\t\t<\/div>\n\t\t<\/div>\n\t\t\t\t\t<\/div>\n\t\t<\/section>\n\t\t\t\t<section class=\"elementor-section elementor-top-section elementor-element elementor-element-a8912aa elementor-section-full_width elementor-section-height-default elementor-section-height-default\" data-id=\"a8912aa\" data-element_type=\"section\" data-e-type=\"section\">\n\t\t\t\t\t\t<div class=\"elementor-container elementor-column-gap-default\">\n\t\t\t\t\t<div class=\"elementor-column elementor-col-33 elementor-top-column elementor-element elementor-element-71d6989\" data-id=\"71d6989\" data-element_type=\"column\" data-e-type=\"column\">\n\t\t\t<div class=\"elementor-widget-wrap elementor-element-populated\">\n\t\t\t\t\t\t<div class=\"elementor-element elementor-element-c8d3d02 elementor-widget__width-initial elementor-widget-divider--view-line elementor-widget elementor-widget-divider\" data-id=\"c8d3d02\" data-element_type=\"widget\" data-e-type=\"widget\" data-widget_type=\"divider.default\">\n\t\t\t\t<div class=\"elementor-widget-container\">\n\t\t\t\t\t\t\t<div class=\"elementor-divider\">\n\t\t\t<span class=\"elementor-divider-separator\">\n\t\t\t\t\t\t<\/span>\n\t\t<\/div>\n\t\t\t\t\t\t<\/div>\n\t\t\t\t<\/div>\n\t\t\t\t\t<\/div>\n\t\t<\/div>\n\t\t\t\t<div class=\"elementor-column elementor-col-33 elementor-top-column elementor-element elementor-element-db2d5cc\" data-id=\"db2d5cc\" data-element_type=\"column\" data-e-type=\"column\">\n\t\t\t<div class=\"elementor-widget-wrap elementor-element-populated\">\n\t\t\t\t\t\t<div class=\"elementor-element elementor-element-a6ad236 elementor-widget elementor-widget-heading\" data-id=\"a6ad236\" data-element_type=\"widget\" data-e-type=\"widget\" data-widget_type=\"heading.default\">\n\t\t\t\t<div class=\"elementor-widget-container\">\n\t\t\t\t\t<h2 class=\"elementor-heading-title elementor-size-default\">Ongi etorri Bowie tabernara!<\/h2>\t\t\t\t<\/div>\n\t\t\t\t<\/div>\n\t\t\t\t\t<\/div>\n\t\t<\/div>\n\t\t\t\t<div class=\"elementor-column elementor-col-33 elementor-top-column elementor-element elementor-element-41a4da7\" data-id=\"41a4da7\" data-element_type=\"column\" data-e-type=\"column\">\n\t\t\t<div class=\"elementor-widget-wrap elementor-element-populated\">\n\t\t\t\t\t\t<div class=\"elementor-element elementor-element-765c4d2 elementor-widget__width-initial elementor-widget-divider--view-line elementor-widget elementor-widget-divider\" data-id=\"765c4d2\" data-element_type=\"widget\" data-e-type=\"widget\" data-widget_type=\"divider.default\">\n\t\t\t\t<div class=\"elementor-widget-container\">\n\t\t\t\t\t\t\t<div class=\"elementor-divider\">\n\t\t\t<span class=\"elementor-divider-separator\">\n\t\t\t\t\t\t<\/span>\n\t\t<\/div>\n\t\t\t\t\t\t<\/div>\n\t\t\t\t<\/div>\n\t\t\t\t\t<\/div>\n\t\t<\/div>\n\t\t\t\t\t<\/div>\n\t\t<\/section>\n\t\t<div class=\"elementor-element elementor-element-62526b8 elementor-hidden-tablet e-flex e-con-boxed e-con e-parent\" data-id=\"62526b8\" data-element_type=\"container\" data-e-type=\"container\">\n\t\t\t\t\t<div class=\"e-con-inner\">\n\t\t<div class=\"elementor-element elementor-element-738eb90 e-con-full e-flex e-con e-child\" data-id=\"738eb90\" data-element_type=\"container\" data-e-type=\"container\">\n\t\t\t\t<div class=\"elementor-element elementor-element-43cb29e elementor-widget elementor-widget-image\" data-id=\"43cb29e\" data-element_type=\"widget\" data-e-type=\"widget\" data-widget_type=\"image.default\">\n\t\t\t\t<div class=\"elementor-widget-container\">\n\t\t\t\t\t\t\t\t\t\t\t\t\t\t\t<img fetchpriority=\"high\" decoding=\"async\" width=\"680\" height=\"510\" src=\"https:\/\/bowiedurango.com\/wp-content\/uploads\/2024\/10\/IMG_20190414_124510.jpg\" class=\"attachment-large size-large wp-image-485\" alt=\"\" srcset=\"https:\/\/bowiedurango.com\/wp-content\/uploads\/2024\/10\/IMG_20190414_124510.jpg 680w, https:\/\/bowiedurango.com\/wp-content\/uploads\/2024\/10\/IMG_20190414_124510-300x225.jpg 300w, https:\/\/bowiedurango.com\/wp-content\/uploads\/2024\/10\/IMG_20190414_124510-16x12.jpg 16w\" sizes=\"(max-width: 680px) 100vw, 680px\" \/>\t\t\t\t\t\t\t\t\t\t\t\t\t\t\t<\/div>\n\t\t\t\t<\/div>\n\t\t\t\t<\/div>\n\t\t<div class=\"elementor-element elementor-element-3294ba4 e-con-full e-flex e-con e-child\" data-id=\"3294ba4\" data-element_type=\"container\" data-e-type=\"container\">\n\t\t<div class=\"elementor-element elementor-element-f418896 e-con-full e-flex e-con e-child\" data-id=\"f418896\" data-element_type=\"container\" data-e-type=\"container\">\n\t\t\t\t<div class=\"elementor-element elementor-element-5925fa0 elementor-widget elementor-widget-text-editor\" data-id=\"5925fa0\" data-element_type=\"widget\" data-e-type=\"widget\" data-widget_type=\"text-editor.default\">\n\t\t\t\t<div class=\"elementor-widget-container\">\n\t\t\t\t\t\t\t\t\t<p>Duela 10 urtetik hona, BOWIE topagune bihurtu da gure erkidegoan, eta giro atsegina eta esperientzia paregabea eskaini ditu gure bisitari guztientzat. Gure taberna bere kafe eta pintxo gozoagatik da ezaguna, lehen egunetik gure bezeroen aho-sabaia konkistatu baitute.<\/p><p>Asteburuetan, emozioz betetzen da giroa futbol partidekin, non zaleak pantaila handian biltzen diren ekintzaz gozatzeko. Jokoaren emozioa osatzeko, aukera gozoak eskaintzen ditugu, hala nola bokatak, hanburgesak eta errazioak, lagunartean partekatzeko aproposak.<\/p><p>Gainera, terraza zabala eta lasaia dugu, ezin hobea erlaxatzeko eta ilunabarrean kafe on batez edo kopa batez gozatzeko. BOWIEn, bisita bakoitza bazkari on, kirol eta une partekatuen ospakizun bat da. Zain gaituzu memoriak elkarrekin sortzen jarraitzeko!<\/p>\t\t\t\t\t\t\t\t<\/div>\n\t\t\t\t<\/div>\n\t\t\t\t<\/div>\n\t\t\t\t<\/div>\n\t\t\t\t\t<\/div>\n\t\t\t\t<\/div>\n\t\t<div class=\"elementor-element elementor-element-2e80433 elementor-hidden-desktop elementor-hidden-mobile e-flex e-con-boxed e-con e-parent\" data-id=\"2e80433\" data-element_type=\"container\" data-e-type=\"container\">\n\t\t\t\t\t<div class=\"e-con-inner\">\n\t\t<div class=\"elementor-element elementor-element-8f7966e e-con-full e-flex e-con e-child\" data-id=\"8f7966e\" data-element_type=\"container\" data-e-type=\"container\">\n\t\t\t\t<div class=\"elementor-element elementor-element-423627c elementor-widget elementor-widget-image\" data-id=\"423627c\" data-element_type=\"widget\" data-e-type=\"widget\" data-widget_type=\"image.default\">\n\t\t\t\t<div class=\"elementor-widget-container\">\n\t\t\t\t\t\t\t\t\t\t\t\t\t\t\t<img fetchpriority=\"high\" decoding=\"async\" width=\"680\" height=\"510\" src=\"https:\/\/bowiedurango.com\/wp-content\/uploads\/2024\/10\/IMG_20190414_124510.jpg\" class=\"attachment-large size-large wp-image-485\" alt=\"\" srcset=\"https:\/\/bowiedurango.com\/wp-content\/uploads\/2024\/10\/IMG_20190414_124510.jpg 680w, https:\/\/bowiedurango.com\/wp-content\/uploads\/2024\/10\/IMG_20190414_124510-300x225.jpg 300w, https:\/\/bowiedurango.com\/wp-content\/uploads\/2024\/10\/IMG_20190414_124510-16x12.jpg 16w\" sizes=\"(max-width: 680px) 100vw, 680px\" \/>\t\t\t\t\t\t\t\t\t\t\t\t\t\t\t<\/div>\n\t\t\t\t<\/div>\n\t\t\t\t<\/div>\n\t\t<div class=\"elementor-element elementor-element-8ccc2e8 e-con-full e-flex e-con e-child\" data-id=\"8ccc2e8\" data-element_type=\"container\" data-e-type=\"container\">\n\t\t<div class=\"elementor-element elementor-element-979976b e-con-full e-flex e-con e-child\" data-id=\"979976b\" data-element_type=\"container\" data-e-type=\"container\">\n\t\t\t\t<div class=\"elementor-element elementor-element-a7ff457 elementor-widget elementor-widget-text-editor\" data-id=\"a7ff457\" data-element_type=\"widget\" data-e-type=\"widget\" data-widget_type=\"text-editor.default\">\n\t\t\t\t<div class=\"elementor-widget-container\">\n\t\t\t\t\t\t\t\t\t<p>Duela 10 urtetik hona, BOWIE topagune bihurtu da gure erkidegoan, eta giro atsegina eta esperientzia paregabea eskaini ditu gure bisitari guztientzat. Gure taberna bere kafe eta pintxo gozoagatik da ezaguna, lehen egunetik gure bezeroen aho-sabaia konkistatu baitute.<\/p><p>Asteburuetan, emozioz betetzen da giroa futbol partidekin, non zaleak pantaila handian biltzen diren ekintzaz gozatzeko. Jokoaren emozioa osatzeko, aukera gozoak eskaintzen ditugu, hala nola bokatak, hanburgesak eta errazioak, lagunartean partekatzeko aproposak.<\/p><p>Gainera, terraza zabala eta lasaia dugu, ezin hobea erlaxatzeko eta ilunabarrean kafe on batez edo kopa batez gozatzeko. BOWIEn, bisita bakoitza bazkari on, kirol eta une partekatuen ospakizun bat da. Zain gaituzu memoriak elkarrekin sortzen jarraitzeko!<\/p>\t\t\t\t\t\t\t\t<\/div>\n\t\t\t\t<\/div>\n\t\t\t\t<\/div>\n\t\t\t\t<\/div>\n\t\t\t\t\t<\/div>\n\t\t\t\t<\/div>\n\t\t\t\t<\/div>","protected":false},"excerpt":{"rendered":"<p>Bienvenidos al Bar Bowie! Desde hace 10 a\u00f1os, BOWIE se ha convertido en un punto de encuentro en nuestra comunidad, ofreciendo un ambiente acogedor y una experiencia \u00fanica para todos nuestros visitantes. Nuestro bar es conocido por su delicioso caf\u00e9 y pintxos, que han conquistado el paladar de nuestros clientes desde el primer d\u00eda. Durante [&hellip;]<\/p>\n","protected":false},"author":1,"featured_media":0,"parent":0,"menu_order":0,"comment_status":"closed","ping_status":"closed","template":"","meta":{"footnotes":""},"class_list":["post-2","page","type-page","status-publish","hentry"],"yoast_head":"<!-- This site is optimized with the Yoast SEO plugin v27.3 - https:\/\/yoast.com\/product\/yoast-seo-wordpress\/ -->\n<title>Inicio - Bowie Durango<\/title>\n<meta name=\"robots\" content=\"index, follow, max-snippet:-1, max-image-preview:large, max-video-preview:-1\" \/>\n<link rel=\"canonical\" href=\"https:\/\/bowiedurango.com\/eu\/\" \/>\n<meta property=\"og:locale\" content=\"en_US\" \/>\n<meta property=\"og:type\" content=\"article\" \/>\n<meta property=\"og:title\" content=\"Inicio - Bowie Durango\" \/>\n<meta property=\"og:description\" content=\"Bienvenidos al Bar Bowie! Desde hace 10 a\u00f1os, BOWIE se ha convertido en un punto de encuentro en nuestra comunidad, ofreciendo un ambiente acogedor y una experiencia \u00fanica para todos nuestros visitantes. Nuestro bar es conocido por su delicioso caf\u00e9 y pintxos, que han conquistado el paladar de nuestros clientes desde el primer d\u00eda. Durante [&hellip;]\" \/>\n<meta property=\"og:url\" content=\"https:\/\/bowiedurango.com\/eu\/\" \/>\n<meta property=\"og:site_name\" content=\"Bowie Durango\" \/>\n<meta property=\"article:modified_time\" content=\"2024-10-15T16:25:26+00:00\" \/>\n<meta property=\"og:image\" content=\"https:\/\/bowiedurango.com\/wp-content\/uploads\/2024\/10\/IMG_20190414_124510.jpg\" \/>\n\t<meta property=\"og:image:width\" content=\"680\" \/>\n\t<meta property=\"og:image:height\" content=\"510\" \/>\n\t<meta property=\"og:image:type\" content=\"image\/jpeg\" \/>\n<meta name=\"twitter:card\" content=\"summary_large_image\" \/>\n<meta name=\"twitter:label1\" content=\"Est. reading time\" \/>\n\t<meta name=\"twitter:data1\" content=\"2 minutua\" \/>\n<script type=\"application\/ld+json\" class=\"yoast-schema-graph\">{\"@context\":\"https:\\\/\\\/schema.org\",\"@graph\":[{\"@type\":\"WebPage\",\"@id\":\"https:\\\/\\\/bowiedurango.com\\\/\",\"url\":\"https:\\\/\\\/bowiedurango.com\\\/\",\"name\":\"Inicio - Bowie Durango\",\"isPartOf\":{\"@id\":\"https:\\\/\\\/bowiedurango.com\\\/#website\"},\"primaryImageOfPage\":{\"@id\":\"https:\\\/\\\/bowiedurango.com\\\/#primaryimage\"},\"image\":{\"@id\":\"https:\\\/\\\/bowiedurango.com\\\/#primaryimage\"},\"thumbnailUrl\":\"https:\\\/\\\/bowiedurango.com\\\/wp-content\\\/uploads\\\/2024\\\/10\\\/IMG_20190414_124510.jpg\",\"datePublished\":\"2024-07-09T15:59:10+00:00\",\"dateModified\":\"2024-10-15T16:25:26+00:00\",\"breadcrumb\":{\"@id\":\"https:\\\/\\\/bowiedurango.com\\\/#breadcrumb\"},\"inLanguage\":\"eu\",\"potentialAction\":[{\"@type\":\"ReadAction\",\"target\":[\"https:\\\/\\\/bowiedurango.com\\\/\"]}]},{\"@type\":\"ImageObject\",\"inLanguage\":\"eu\",\"@id\":\"https:\\\/\\\/bowiedurango.com\\\/#primaryimage\",\"url\":\"https:\\\/\\\/bowiedurango.com\\\/wp-content\\\/uploads\\\/2024\\\/10\\\/IMG_20190414_124510.jpg\",\"contentUrl\":\"https:\\\/\\\/bowiedurango.com\\\/wp-content\\\/uploads\\\/2024\\\/10\\\/IMG_20190414_124510.jpg\"},{\"@type\":\"BreadcrumbList\",\"@id\":\"https:\\\/\\\/bowiedurango.com\\\/#breadcrumb\",\"itemListElement\":[{\"@type\":\"ListItem\",\"position\":1,\"name\":\"Portada\",\"item\":\"https:\\\/\\\/bowiedurango.com\\\/\"},{\"@type\":\"ListItem\",\"position\":2,\"name\":\"Inicio\"}]},{\"@type\":\"WebSite\",\"@id\":\"https:\\\/\\\/bowiedurango.com\\\/#website\",\"url\":\"https:\\\/\\\/bowiedurango.com\\\/\",\"name\":\"Bowie Durango\",\"description\":\"\",\"publisher\":{\"@id\":\"https:\\\/\\\/bowiedurango.com\\\/#organization\"},\"potentialAction\":[{\"@type\":\"SearchAction\",\"target\":{\"@type\":\"EntryPoint\",\"urlTemplate\":\"https:\\\/\\\/bowiedurango.com\\\/?s={search_term_string}\"},\"query-input\":{\"@type\":\"PropertyValueSpecification\",\"valueRequired\":true,\"valueName\":\"search_term_string\"}}],\"inLanguage\":\"eu\"},{\"@type\":\"Organization\",\"@id\":\"https:\\\/\\\/bowiedurango.com\\\/#organization\",\"name\":\"Bowie Durango\",\"url\":\"https:\\\/\\\/bowiedurango.com\\\/\",\"logo\":{\"@type\":\"ImageObject\",\"inLanguage\":\"eu\",\"@id\":\"https:\\\/\\\/bowiedurango.com\\\/#\\\/schema\\\/logo\\\/image\\\/\",\"url\":\"https:\\\/\\\/bowiedurango.com\\\/wp-content\\\/uploads\\\/2024\\\/10\\\/cropped-Bowie-Logo-wei-chen.png\",\"contentUrl\":\"https:\\\/\\\/bowiedurango.com\\\/wp-content\\\/uploads\\\/2024\\\/10\\\/cropped-Bowie-Logo-wei-chen.png\",\"width\":324,\"height\":200,\"caption\":\"Bowie Durango\"},\"image\":{\"@id\":\"https:\\\/\\\/bowiedurango.com\\\/#\\\/schema\\\/logo\\\/image\\\/\"}}]}<\/script>\n<!-- \/ Yoast SEO plugin. -->","yoast_head_json":{"title":"Inicio - Bowie Durango","robots":{"index":"index","follow":"follow","max-snippet":"max-snippet:-1","max-image-preview":"max-image-preview:large","max-video-preview":"max-video-preview:-1"},"canonical":"https:\/\/bowiedurango.com\/eu\/","og_locale":"en_US","og_type":"article","og_title":"Inicio - Bowie Durango","og_description":"Bienvenidos al Bar Bowie! Desde hace 10 a\u00f1os, BOWIE se ha convertido en un punto de encuentro en nuestra comunidad, ofreciendo un ambiente acogedor y una experiencia \u00fanica para todos nuestros visitantes. Nuestro bar es conocido por su delicioso caf\u00e9 y pintxos, que han conquistado el paladar de nuestros clientes desde el primer d\u00eda. Durante [&hellip;]","og_url":"https:\/\/bowiedurango.com\/eu\/","og_site_name":"Bowie Durango","article_modified_time":"2024-10-15T16:25:26+00:00","og_image":[{"width":680,"height":510,"url":"https:\/\/bowiedurango.com\/wp-content\/uploads\/2024\/10\/IMG_20190414_124510.jpg","type":"image\/jpeg"}],"twitter_card":"summary_large_image","twitter_misc":{"Est. reading time":"2 minutua"},"schema":{"@context":"https:\/\/schema.org","@graph":[{"@type":"WebPage","@id":"https:\/\/bowiedurango.com\/","url":"https:\/\/bowiedurango.com\/","name":"Inicio - Bowie Durango","isPartOf":{"@id":"https:\/\/bowiedurango.com\/#website"},"primaryImageOfPage":{"@id":"https:\/\/bowiedurango.com\/#primaryimage"},"image":{"@id":"https:\/\/bowiedurango.com\/#primaryimage"},"thumbnailUrl":"https:\/\/bowiedurango.com\/wp-content\/uploads\/2024\/10\/IMG_20190414_124510.jpg","datePublished":"2024-07-09T15:59:10+00:00","dateModified":"2024-10-15T16:25:26+00:00","breadcrumb":{"@id":"https:\/\/bowiedurango.com\/#breadcrumb"},"inLanguage":"eu","potentialAction":[{"@type":"ReadAction","target":["https:\/\/bowiedurango.com\/"]}]},{"@type":"ImageObject","inLanguage":"eu","@id":"https:\/\/bowiedurango.com\/#primaryimage","url":"https:\/\/bowiedurango.com\/wp-content\/uploads\/2024\/10\/IMG_20190414_124510.jpg","contentUrl":"https:\/\/bowiedurango.com\/wp-content\/uploads\/2024\/10\/IMG_20190414_124510.jpg"},{"@type":"BreadcrumbList","@id":"https:\/\/bowiedurango.com\/#breadcrumb","itemListElement":[{"@type":"ListItem","position":1,"name":"Portada","item":"https:\/\/bowiedurango.com\/"},{"@type":"ListItem","position":2,"name":"Inicio"}]},{"@type":"WebSite","@id":"https:\/\/bowiedurango.com\/#website","url":"https:\/\/bowiedurango.com\/","name":"Bowie Durango","description":"","publisher":{"@id":"https:\/\/bowiedurango.com\/#organization"},"potentialAction":[{"@type":"SearchAction","target":{"@type":"EntryPoint","urlTemplate":"https:\/\/bowiedurango.com\/?s={search_term_string}"},"query-input":{"@type":"PropertyValueSpecification","valueRequired":true,"valueName":"search_term_string"}}],"inLanguage":"eu"},{"@type":"Organization","@id":"https:\/\/bowiedurango.com\/#organization","name":"Bowie Durango","url":"https:\/\/bowiedurango.com\/","logo":{"@type":"ImageObject","inLanguage":"eu","@id":"https:\/\/bowiedurango.com\/#\/schema\/logo\/image\/","url":"https:\/\/bowiedurango.com\/wp-content\/uploads\/2024\/10\/cropped-Bowie-Logo-wei-chen.png","contentUrl":"https:\/\/bowiedurango.com\/wp-content\/uploads\/2024\/10\/cropped-Bowie-Logo-wei-chen.png","width":324,"height":200,"caption":"Bowie Durango"},"image":{"@id":"https:\/\/bowiedurango.com\/#\/schema\/logo\/image\/"}}]}},"_links":{"self":[{"href":"https:\/\/bowiedurango.com\/eu\/wp-json\/wp\/v2\/pages\/2","targetHints":{"allow":["GET"]}}],"collection":[{"href":"https:\/\/bowiedurango.com\/eu\/wp-json\/wp\/v2\/pages"}],"about":[{"href":"https:\/\/bowiedurango.com\/eu\/wp-json\/wp\/v2\/types\/page"}],"author":[{"embeddable":true,"href":"https:\/\/bowiedurango.com\/eu\/wp-json\/wp\/v2\/users\/1"}],"replies":[{"embeddable":true,"href":"https:\/\/bowiedurango.com\/eu\/wp-json\/wp\/v2\/comments?post=2"}],"version-history":[{"count":79,"href":"https:\/\/bowiedurango.com\/eu\/wp-json\/wp\/v2\/pages\/2\/revisions"}],"predecessor-version":[{"id":501,"href":"https:\/\/bowiedurango.com\/eu\/wp-json\/wp\/v2\/pages\/2\/revisions\/501"}],"wp:attachment":[{"href":"https:\/\/bowiedurango.com\/eu\/wp-json\/wp\/v2\/media?parent=2"}],"curies":[{"name":"wp","href":"https:\/\/api.w.org\/{rel}","templated":true}]}}